{"id":2154,"date":"2025-09-09T12:22:27","date_gmt":"2025-09-09T12:22:27","guid":{"rendered":"https:\/\/mar-ria.com\/?page_id=2154"},"modified":"2025-09-10T11:17:02","modified_gmt":"2025-09-10T11:17:02","slug":"room-details-apartamento-6","status":"publish","type":"page","link":"https:\/\/mar-ria.com\/pt\/room-details-apartamento-6\/","title":{"rendered":"Room Details - Apartamento 6"},"content":{"rendered":"\t\t<div data-elementor-type=\"wp-page\" data-elementor-id=\"2154\" class=\"elementor elementor-2154\">\n\t\t\t\t<div class=\"elementor-element elementor-element-4dfdd59b e-flex e-con-boxed e-con e-parent\" data-id=\"4dfdd59b\" data-element_type=\"container\" data-e-type=\"container\">\n\t\t\t\t\t<div class=\"e-con-inner\">\n\t\t\t\t<div class=\"elementor-element elementor-element-8f28c7e elementor-widget elementor-widget-shortcode\" data-id=\"8f28c7e\" data-element_type=\"widget\" data-e-type=\"widget\" data-widget_type=\"shortcode.default\">\n\t\t\t\t<div class=\"elementor-widget-container\">\n\t\t\t\t\t\t\t<div class=\"elementor-shortcode\">\n<div class=\"wrap plugin-container\">\n\n\t\n\t\n\t\n<div class=\"vbrdetboxtop vbo-listing-details-wrap\">\n\n\t<div class=\"vblistroomnamediv\">\n\t\t<h3>Apartamento 6<\/h3>\n\t\t<span class=\"vblistroomcat\">1\u00ba Andar, Terra\u00e7o \/ P\u00e1tio<\/span>\n\t<\/div>\n\t\n\t<div class=\"vbroomimgdesc\">\n\t\t\t<div class=\"vikfx-gallery-container vikfx-roomdetails-gallery-container\">\n\t\t\t<div class=\"vikfx-gallery-fade-container\">\n\t\t\t\t<img decoding=\"async\" src=\"https:\/\/mar-ria.com\/wp-content\/plugins\/vikbooking\/site\/resources\/uploads\/apto_6_14.webp\" alt=\"Apartamento 6\" class=\"vikfx-gallery-image vblistimg\"\/>\n\t\t\t\t\t\t\t<div class=\"vikfx-gallery-navigation-controls\">\n\t\t\t\t\t<div class=\"vikfx-gallery-navigation-controls-prevnext\">\n\t\t\t\t\t\t<a href=\"javascript: void(0);\" class=\"vikfx-gallery-previous-image\"><i class=\"fas fa-chevron-left\"><\/i><\/a>\n\t\t\t\t\t\t<a href=\"javascript: void(0);\" class=\"vikfx-gallery-next-image\"><i class=\"fas fa-chevron-right\"><\/i><\/a>\n\t\t\t\t\t<\/div>\n\t\t\t\t<\/div>\n\t\t\t\t\t\t\t<\/div>\n\t\t\t\t\t<div class=\"vikfx-gallery\">\n\t\t\t\t\t\t\t<a href=\"https:\/\/mar-ria.com\/wp-content\/plugins\/vikbooking\/site\/resources\/uploads\/big_apto_6_6.webp\" target=\"_blank\" style=\"\">\n\t\t\t\t\t<img decoding=\"async\" src=\"https:\/\/mar-ria.com\/wp-content\/plugins\/vikbooking\/site\/resources\/uploads\/thumb_apto_6_6.webp\" alt=\"apto_6_6\" title=\"\"\/>\n\t\t\t\t<\/a>\n\t\t\t\t\t\t\t\t<a href=\"https:\/\/mar-ria.com\/wp-content\/plugins\/vikbooking\/site\/resources\/uploads\/big_apto_6_5.webp\" target=\"_blank\" style=\"\">\n\t\t\t\t\t<img decoding=\"async\" src=\"https:\/\/mar-ria.com\/wp-content\/plugins\/vikbooking\/site\/resources\/uploads\/thumb_apto_6_5.webp\" alt=\"apto_6_5\" title=\"\"\/>\n\t\t\t\t<\/a>\n\t\t\t\t\t\t\t\t<a href=\"https:\/\/mar-ria.com\/wp-content\/plugins\/vikbooking\/site\/resources\/uploads\/big_apto_6_4.webp\" target=\"_blank\" style=\"\">\n\t\t\t\t\t<img decoding=\"async\" src=\"https:\/\/mar-ria.com\/wp-content\/plugins\/vikbooking\/site\/resources\/uploads\/thumb_apto_6_4.webp\" alt=\"apto_6_4\" title=\"\"\/>\n\t\t\t\t<\/a>\n\t\t\t\t\t\t\t\t<a href=\"https:\/\/mar-ria.com\/wp-content\/plugins\/vikbooking\/site\/resources\/uploads\/big_apto_6_1.webp\" target=\"_blank\" style=\"\">\n\t\t\t\t\t<img decoding=\"async\" src=\"https:\/\/mar-ria.com\/wp-content\/plugins\/vikbooking\/site\/resources\/uploads\/thumb_apto_6_1.webp\" alt=\"apto_6_1\" title=\"\"\/>\n\t\t\t\t<\/a>\n\t\t\t\t\t\t\t\t<a href=\"https:\/\/mar-ria.com\/wp-content\/plugins\/vikbooking\/site\/resources\/uploads\/big_apto_6_8.webp\" target=\"_blank\" style=\"display: none;\">\n\t\t\t\t\t<img decoding=\"async\" src=\"https:\/\/mar-ria.com\/wp-content\/plugins\/vikbooking\/site\/resources\/uploads\/thumb_apto_6_8.webp\" alt=\"apto_6_8\" title=\"\"\/>\n\t\t\t\t<\/a>\n\t\t\t\t\t\t\t\t<a href=\"https:\/\/mar-ria.com\/wp-content\/plugins\/vikbooking\/site\/resources\/uploads\/big_apto_6_10.webp\" target=\"_blank\" style=\"display: none;\">\n\t\t\t\t\t<img decoding=\"async\" src=\"https:\/\/mar-ria.com\/wp-content\/plugins\/vikbooking\/site\/resources\/uploads\/thumb_apto_6_10.webp\" alt=\"apto_6_10\" title=\"\"\/>\n\t\t\t\t<\/a>\n\t\t\t\t\t\t\t\t<a href=\"https:\/\/mar-ria.com\/wp-content\/plugins\/vikbooking\/site\/resources\/uploads\/big_apto_6_15.webp\" target=\"_blank\" style=\"display: none;\">\n\t\t\t\t\t<img decoding=\"async\" src=\"https:\/\/mar-ria.com\/wp-content\/plugins\/vikbooking\/site\/resources\/uploads\/thumb_apto_6_15.webp\" alt=\"apto_6_15\" title=\"\"\/>\n\t\t\t\t<\/a>\n\t\t\t\t\t\t\t\t<a href=\"https:\/\/mar-ria.com\/wp-content\/plugins\/vikbooking\/site\/resources\/uploads\/big_apto_6_2.webp\" target=\"_blank\" style=\"display: none;\">\n\t\t\t\t\t<img decoding=\"async\" src=\"https:\/\/mar-ria.com\/wp-content\/plugins\/vikbooking\/site\/resources\/uploads\/thumb_apto_6_2.webp\" alt=\"apto_6_2\" title=\"\"\/>\n\t\t\t\t<\/a>\n\t\t\t\t\t\t\t\t<a href=\"https:\/\/mar-ria.com\/wp-content\/plugins\/vikbooking\/site\/resources\/uploads\/big_apto_6_9.webp\" target=\"_blank\" style=\"display: none;\">\n\t\t\t\t\t<img decoding=\"async\" src=\"https:\/\/mar-ria.com\/wp-content\/plugins\/vikbooking\/site\/resources\/uploads\/thumb_apto_6_9.webp\" alt=\"apto_6_9\" title=\"\"\/>\n\t\t\t\t<\/a>\n\t\t\t\t\t\t\t\t<a href=\"https:\/\/mar-ria.com\/wp-content\/plugins\/vikbooking\/site\/resources\/uploads\/big_apto_6_7.webp\" target=\"_blank\" style=\"display: none;\">\n\t\t\t\t\t<img decoding=\"async\" src=\"https:\/\/mar-ria.com\/wp-content\/plugins\/vikbooking\/site\/resources\/uploads\/thumb_apto_6_7.webp\" alt=\"apto_6_7\" title=\"\"\/>\n\t\t\t\t<\/a>\n\t\t\t\t\t\t\t\t<a href=\"https:\/\/mar-ria.com\/wp-content\/plugins\/vikbooking\/site\/resources\/uploads\/big_apto_6_11.webp\" target=\"_blank\" style=\"display: none;\">\n\t\t\t\t\t<img decoding=\"async\" src=\"https:\/\/mar-ria.com\/wp-content\/plugins\/vikbooking\/site\/resources\/uploads\/thumb_apto_6_11.webp\" alt=\"apto_6_11\" title=\"\"\/>\n\t\t\t\t<\/a>\n\t\t\t\t\t\t\t\t<a href=\"https:\/\/mar-ria.com\/wp-content\/plugins\/vikbooking\/site\/resources\/uploads\/big_apto_6_3.webp\" target=\"_blank\" style=\"display: none;\">\n\t\t\t\t\t<img decoding=\"async\" src=\"https:\/\/mar-ria.com\/wp-content\/plugins\/vikbooking\/site\/resources\/uploads\/thumb_apto_6_3.webp\" alt=\"apto_6_3\" title=\"\"\/>\n\t\t\t\t<\/a>\n\t\t\t\t\t\t\t\t<a href=\"https:\/\/mar-ria.com\/wp-content\/plugins\/vikbooking\/site\/resources\/uploads\/big_apto_6_12.webp\" target=\"_blank\" style=\"display: none;\">\n\t\t\t\t\t<img decoding=\"async\" src=\"https:\/\/mar-ria.com\/wp-content\/plugins\/vikbooking\/site\/resources\/uploads\/thumb_apto_6_12.webp\" alt=\"apto_6_12\" title=\"\"\/>\n\t\t\t\t<\/a>\n\t\t\t\t\t\t\t\t<a href=\"https:\/\/mar-ria.com\/wp-content\/plugins\/vikbooking\/site\/resources\/uploads\/big_apto_6_13.webp\" target=\"_blank\" style=\"display: none;\">\n\t\t\t\t\t<img decoding=\"async\" src=\"https:\/\/mar-ria.com\/wp-content\/plugins\/vikbooking\/site\/resources\/uploads\/thumb_apto_6_13.webp\" alt=\"apto_6_13\" title=\"\"\/>\n\t\t\t\t<\/a>\n\t\t\t\t\t\t\t\t<a href=\"https:\/\/mar-ria.com\/wp-content\/plugins\/vikbooking\/site\/resources\/uploads\/big_873apto_6_14.webp\" target=\"_blank\" style=\"display: none;\">\n\t\t\t\t\t<img decoding=\"async\" src=\"https:\/\/mar-ria.com\/wp-content\/plugins\/vikbooking\/site\/resources\/uploads\/thumb_873apto_6_14.webp\" alt=\"873apto_6_14\" title=\"\"\/>\n\t\t\t\t<\/a>\n\t\t\t\t\t\t\t\t<div class=\"vbo-listing-details-allphotos\">\n\t\t\t\t\t<a href=\"JavaScript: void(0);\" class=\"vikfx-gallery-open\"><i class=\"fas fa-images\"><\/i> Todas as fotos<\/a>\n\t\t\t\t<\/div>\n\t\t\t\t\t\t\t<\/div>\n\t\t\t\t\n\t\t<\/div>\n\t\t<\/div>\n\n\t<div class=\"vbo-rdet-descprice-block vbo-listing-details-descprice-block\">\n\t\t<div class=\"vbo-rdet-desc-cont vbo-listing-details-desc-cont\">\n\t\t<p><strong>Apartamento 6 (164585\/AL) \u2013 1\u00ba Andar com Terra\u00e7o (m\u00e1ximo de 6 h\u00f3spedes)<\/strong><\/p>\n<p>Perfeito para fam\u00edlias maiores ou grupos, o Apartamento 6 disp\u00f5e de dois quartos com camas de casal e um confort\u00e1vel sof\u00e1-cama. O apartamento inclui um terra\u00e7o privativo para refei\u00e7\u00f5es ao ar livre ou para relaxar. Com ar-condicionado em todos os c\u00f4modos, uma cozinha espa\u00e7osa e um layout iluminado e funcional, esta unidade acomoda confortavelmente at\u00e9 6 h\u00f3spedes. Uma \u00f3tima op\u00e7\u00e3o para quem precisa de um pouco mais de espa\u00e7o e flexibilidade durante a estadia.<\/p>\n\t\t\t<div class=\"vbo-listing-amenities-wrap\">\n\t\t\t\t<h4>Comodidades<\/h4>\n\t\t\t\t<div class=\"vbo-listing-amenities\">\n\t\t\t<span class=\"vbo-listing-amenity\"><span class=\"vbo-listing-amenity-textimg\"><i class=\"fas fa-wifi vbo-icn-carat vbo-pref-color-text\"><\/i><\/span> <span class=\"vbo-listing-amenity-name\">WiFi<\/span><\/span>\n<span class=\"vbo-listing-amenity\"><span class=\"vbo-listing-amenity-textimg\"><i class=\"fas fa-tv vbo-icn-carat vbo-pref-color-text\"><\/i><\/span> <span class=\"vbo-listing-amenity-name\">TV<\/span><\/span>\n<span class=\"vbo-listing-amenity\"><span class=\"vbo-listing-amenity-textimg\"><i class=\"fas fa-snowflake vbo-icn-carat vbo-pref-color-text\"><\/i><\/span> <span class=\"vbo-listing-amenity-name\">Ar condicionado<\/span><\/span>\n<span class=\"vbo-listing-amenity\"><span class=\"vbo-listing-amenity-textimg\"><i class=\"fas fa-bath vbo-icn-carat vbo-pref-color-text\"><\/i><\/span> <span class=\"vbo-listing-amenity-name\">Banheiro<\/span><\/span>\n<span class=\"vbo-listing-amenity\"><span class=\"vbo-listing-amenity-textimg\"><i class=\"fas fa-paw vbo-icn-carat vbo-pref-color-text\"><\/i><\/span> <span class=\"vbo-listing-amenity-name\">Animais de estima\u00e7\u00e3o permitidos<\/span><\/span>\n<span class=\"vbo-listing-amenity\"><span class=\"vbo-listing-amenity-textimg\"><i class=\"fas fa-sun\"><\/i><\/span> <span class=\"vbo-listing-amenity-name\">Terra\u00e7o \/ P\u00e1tio<\/span><\/span>\n\t\t\t\t<\/div>\n\t\t\t<\/div>\n\t\t\t\n\t\t\t<div class=\"vbo-roomdet-calscontainer\">\n\t\t\t\t<div class=\"vbo-roomdet-calscontainer-inner\">\n\t\t\t\t\t\t\t\t\t<\/div>\n\t\t\t<\/div>\n\n\t\t<\/div>\n\t\t\t<div class=\"vb_detcostroomdet vbo-listing-details-costroomdet\">\n\t\t\t<div class=\"vbo-listing-details-costroomdet-inner\">\n\t\t\t\t<div class=\"vb_detcostroom\">\n\t\t\t\t\t<div class=\"vblistroomnamedivprice\">\n\t\t\t\t\t\t<div class=\"vblistroomname vbo-pref-color-text\">\n\t\t\t\t\t\t\t<span class=\"vbliststartfromrdet\">Come\u00e7ando de<\/span>\n\t\t\t\t\t\t\t<span class=\"room_cost\"><span class=\"vbo_currency\">\u20ac<\/span> <span class=\"vbo_price\">110<\/span><\/span>\n\t\t\t\t\t\t\t\t\t\t\t\t\t<span class=\"roomcustcostlabel\">por noite<\/span>\n\t\t\t\t\t\t\t\t\t\t\t\t\t\t<div class=\"roomcustcost-subtxt\">custo por ocupa\u00e7\u00e3o<\/div>\n\t\t\t\t\t\t\t\t\t\t\t\t\t<\/div>\n\t\t\t\t\t<\/div>\n\t\t\t\t<\/div>\n\n\t\t\t\t<div id=\"vbo-bookingpart-form\"><\/div>\n\n<div class=\"vbo-seldates-cont\">\n\t<div class=\"vbo-seldates-cont-inner\">\n\t\t<h4>Selecione uma data de check-in e check-out<\/h4>\n\n\t\n\t\t<div class=\"vbo-js-helpers\" style=\"display: none;\">\n\t\t\t<div class=\"vbo-add-element-html\">\n\t\t\t\t<div class=\"vbo-search-num-aduchild-entry\">\n\t\t\t\t\t<span class=\"vbo-search-roomnum\">Room %d<\/span>\n\t\t\t\t\t<div class=\"vbo-search-num-adults-entry\">\n\t\t\t\t\t\t<label class=\"vbo-search-num-adults-entry-label\">Adultos<\/label>\n\t\t\t\t\t\t<span class=\"vbo-search-num-adults-entry-inp\"><select name=\"adults[]\"><option value=\"1\">1<\/option><option value=\"2\">2<\/option><option value=\"3\">3<\/option><option value=\"4\">4<\/option><option value=\"5\">5<\/option><option value=\"6\" selected=\"selected\">6<\/option><\/select><\/span>\n\t\t\t\t\t<\/div>\n\t\t\t\t\t\t\t\t\t<div class=\"vbo-search-num-children-entry\">\n\t\t\t\t\t\t<label class=\"vbo-search-num-children-entry-label\">Crian\u00e7as<\/label>\n\t\t\t\t\t\t<span class=\"vbo-search-num-adults-entry-inp\"><select name=\"children[]\"><option value=\"0\">0<\/option><option value=\"1\">1<\/option><option value=\"2\">2<\/option><option value=\"3\">3<\/option><option value=\"4\">4<\/option><\/select><\/span>\n\t\t\t\t\t<\/div>\n\t\t\t\t\t\t\t\t\t<\/div>\n\t\t\t<\/div>\n\t\t<\/div>\n\n\t\t<script type=\"text\/javascript\">\n\t\tfunction vboValidateDates() {\n\t\t\tvar vbcheckin = document.getElementById('checkindate').value;\n\t\t\tvar vbcheckout = document.getElementById('checkoutdate').value;\n\t\t\tif (!vbcheckin || !vbcheckout) {\n\t\t\t\talert(Joomla.JText._('VBSELPRDATE'));\n\t\t\t\treturn false;\n\t\t\t}\n\t\t\treturn true;\n\t\t}\n\t\tfunction vbCalcNights() {\n\t\t\tvar vbcheckin = document.getElementById('checkindate').value;\n\t\t\tvar vbcheckout = document.getElementById('checkoutdate').value;\n\t\t\tif (vbcheckin.length > 0 && vbcheckout.length > 0) {\n\t\t\t\tvar vbcheckinp = vbcheckin.split(\"\/\");\n\t\t\t\tvar vbcheckoutp = vbcheckout.split(\"\/\");\n\t\t\t\t\t\t\tvar vbinmonth = parseInt(vbcheckinp[1]);\n\t\t\t\tvbinmonth = vbinmonth - 1;\n\t\t\t\tvar vbinday = parseInt(vbcheckinp[0], 10);\n\t\t\t\tvar vbcheckind = new Date(vbcheckinp[2], vbinmonth, vbinday);\n\t\t\t\tvar vboutmonth = parseInt(vbcheckoutp[1]);\n\t\t\t\tvboutmonth = vboutmonth - 1;\n\t\t\t\tvar vboutday = parseInt(vbcheckoutp[0], 10);\n\t\t\t\tvar vbcheckoutd = new Date(vbcheckoutp[2], vboutmonth, vboutday);\n\t\t\t\t\t\t\t\tvar vbdivider = 1000 * 60 * 60 * 24;\n\t\t\t\tvar vbints = vbcheckind.getTime();\n\t\t\t\tvar vboutts = vbcheckoutd.getTime();\n\t\t\t\tif (vboutts > vbints) {\n\t\t\t\t\t\/\/var vbnights = Math.ceil((vboutts - vbints) \/ (vbdivider));\n\t\t\t\t\tvar utc1 = Date.UTC(vbcheckind.getFullYear(), vbcheckind.getMonth(), vbcheckind.getDate());\n\t\t\t\t\tvar utc2 = Date.UTC(vbcheckoutd.getFullYear(), vbcheckoutd.getMonth(), vbcheckoutd.getDate());\n\t\t\t\t\tvar vbnights = Math.ceil((utc2 - utc1) \/ vbdivider);\n\t\t\t\t\tif (vbnights > 0) {\n\t\t\t\t\t\tdocument.getElementById('vbjstotnights').innerHTML = 'Noites: '+vbnights;\n\t\t\t\t\t} else {\n\t\t\t\t\t\tdocument.getElementById('vbjstotnights').innerHTML = '';\n\t\t\t\t\t}\n\t\t\t\t} else {\n\t\t\t\t\tdocument.getElementById('vbjstotnights').innerHTML = '';\n\t\t\t\t}\n\t\t\t} else {\n\t\t\t\tdocument.getElementById('vbjstotnights').innerHTML = '';\n\t\t\t}\n\t\t}\n\t\tfunction vbAddElement() {\n\t\t\tvar ni = document.getElementById('vbo-search-num-aduchild-block');\n\t\t\tvar numi = document.getElementById('vbroomdethelper');\n\t\t\tvar num = (document.getElementById('vbroomdethelper').value -1)+ 2;\n\t\t\tnumi.value = num;\n\t\t\tvar newdiv = document.createElement('div');\n\t\t\tvar divIdName = 'vb'+num+'detracont';\n\t\t\tnewdiv.setAttribute('id', divIdName);\n\t\t\tvar new_element_html = document.getElementsByClassName('vbo-add-element-html')[0].innerHTML;\n\t\t\tvar rp_rgx = new RegExp('%d', 'g');\n\t\t\tnewdiv.innerHTML = new_element_html.replace(rp_rgx, num);\n\t\t\tni.appendChild(newdiv);\n\t\t}\n\t\tfunction vbSetRoomsAdults(totrooms) {\n\t\t\tvar actrooms = parseInt(document.getElementById('vbroomdethelper').value);\n\t\t\tvar torooms = parseInt(totrooms);\n\t\t\tvar difrooms;\n\t\t\tif (torooms > actrooms) {\n\t\t\t\tdifrooms = torooms - actrooms;\n\t\t\t\tfor (var ir=1; ir<=difrooms; ir++) {\n\t\t\t\t\tvbAddElement();\n\t\t\t\t}\n\t\t\t}\n\t\t\tif (torooms < actrooms) {\n\t\t\t\tfor (var ir=actrooms; ir>torooms; ir--) {\n\t\t\t\t\tif (ir > 1) {\n\t\t\t\t\t\tvar rmra = document.getElementById('vb' + ir + 'detracont');\n\t\t\t\t\t\trmra.parentNode.removeChild(rmra);\n\t\t\t\t\t}\n\t\t\t\t}\n\t\t\t\tdocument.getElementById('vbroomdethelper').value = torooms;\n\t\t\t}\n\t\t}\n\t\t\t\tjQuery(function() {\n\t\t\t\t\tjQuery(document.body).on('click', 'td.vbtdfree, td.vbtdwarning, td.vbtdbusyforcheckout', function() {\n\t\t\t\tif (!jQuery(\"#checkindate\").length || jQuery(this).hasClass('vbtdpast')) {\n\t\t\t\t\treturn;\n\t\t\t\t}\n\t\t\t\tvar tdday = jQuery(this).attr('data-daydate');\n\t\t\t\tvar tdymd = jQuery(this).attr('data-ymd');\n\t\t\t\tif (!tdday || !tdymd) {\n\t\t\t\t\treturn;\n\t\t\t\t}\n\t\t\t\t\/\/ make sure the clicked date is not disabled\n\t\t\t\tif (typeof jQuery('#checkindate').vboDatesRangePicker('drpoption', 'beforeShowDay.checkin') === 'function') {\n\t\t\t\t\t\/\/ let the datepicker validate the clicked day\n\t\t\t\t\tlet ymd_parts = tdymd.split('-');\n\t\t\t\t\tlet ymd_object = new Date(ymd_parts[0], ymd_parts[1] - 1, ymd_parts[2], 0, 0, 0, 0);\n\t\t\t\t\tif (!jQuery('#checkindate').vboDatesRangePicker('drpoption', 'beforeShowDay.checkin')(ymd_object)[0]) {\n\t\t\t\t\t\treturn;\n\t\t\t\t\t}\n\t\t\t\t}\n\t\t\t\t\/\/ set check-in date in dates range picker\n\t\t\t\tjQuery('#checkindate').vboDatesRangePicker('setCheckinDate', tdday);\n\t\t\t\t\/\/ animate to datepickers position\n\t\t\t\tjQuery('html,body').animate({\n\t\t\t\t\tscrollTop: (jQuery('#vbo-bookingpart-form').offset().top - 5)\n\t\t\t\t}, 600, function() {\n\t\t\t\t\t\/\/ animation-complete callback should simulate the onSelect event of the check-in datepicker\n\t\t\t\t\tif (typeof vbSetMinCheckoutDate !== \"undefined\") {\n\t\t\t\t\t\tvbSetMinCheckoutDate();\n\t\t\t\t\t} else if (typeof vbSetGlobalMinCheckoutDate !== \"undefined\") {\n\t\t\t\t\t\tvbSetGlobalMinCheckoutDate();\n\t\t\t\t\t}\n\t\t\t\t\tvbCalcNights();\n\t\t\t\t\t\/\/ give focus to check-out datepicker\n\t\t\t\t\tjQuery('#checkoutdate').focus();\n\t\t\t\t});\n\t\t\t});\n\t\t});\n\t\t<\/script>\n\n\t\t<input type=\"hidden\" id=\"vbroomdethelper\" value=\"1\"\/>\n\n\t\t<div class=\"vbo-intro-main\"><\/div>\n\n\t\t<div class=\"vbo-room-details-booking-wrapper\">\n\t\t<div class=\"vbdivsearch vbo-listing-details-divsearch\"><form action=\"https:\/\/mar-ria.com\/pt\/room-details-apartamento-6\/?option=com_vikbooking\" method=\"post\" onsubmit=\"return vboValidateDates();\"><div class=\"vb-search-inner\">\n<input type=\"hidden\" name=\"option\" value=\"com_vikbooking\"\/>\n<input type=\"hidden\" name=\"task\" value=\"search\"\/>\n<input type=\"hidden\" name=\"roomdetail\" value=\"5\"\/>\n<div class=\"vbo-search-inpblock vbo-search-inpblock-checkin\"><label for=\"checkindate\">Data de Check-in<\/label><div class=\"input-group\"><input type=\"text\" name=\"checkindate\" id=\"checkindate\" size=\"10\" autocomplete=\"off\" onfocus=\"this.blur();\" readonly\/><i class=\"far fa-calendar-days vbo-caltrigger\"><\/i><\/div><input type=\"hidden\" name=\"checkinh\" value=\"15\"\/><input type=\"hidden\" name=\"checkinm\" value=\"0\"\/><\/div>\n<div class=\"vbo-search-inpblock vbo-search-inpblock-checkout\"><label for=\"checkoutdate\">Data de Check-out<\/label><div class=\"input-group\"><input type=\"text\" name=\"checkoutdate\" id=\"checkoutdate\" size=\"10\" autocomplete=\"off\" onfocus=\"this.blur();\" readonly\/><i class=\"far fa-calendar-days vbo-caltrigger\"><\/i><\/div><input type=\"hidden\" name=\"checkouth\" value=\"12\"\/><input type=\"hidden\" name=\"checkoutm\" value=\"0\"\/><\/div>\n<div class=\"vbo-search-num-racblock\">\n\t<div class=\"vbo-search-num-rooms\"><input type=\"hidden\" name=\"roomsnum\" value=\"1\">\n<\/div>\n\t<div class=\"vbo-search-num-aduchild-block\" id=\"vbo-search-num-aduchild-block\">\n\t\t<div class=\"vbo-search-num-aduchild-entry\">\n\t\t\t<div class=\"vbo-search-num-adults-entry\"><label class=\"vbo-search-num-adults-entry-label\">Adultos<\/label><span class=\"vbo-search-num-adults-entry-inp\"><select name=\"adults[]\"><option value=\"1\">1<\/option><option value=\"2\">2<\/option><option value=\"3\">3<\/option><option value=\"4\">4<\/option><option value=\"5\">5<\/option><option value=\"6\" selected=\"selected\">6<\/option><\/select><\/span><\/div>\n\t\t<div class=\"vbo-search-num-children-entry\"><label class=\"vbo-search-num-children-entry-label\">Crian\u00e7as<\/label><span class=\"vbo-search-num-children-entry-inp\"><select name=\"children[]\"><option value=\"0\">0<\/option><option value=\"1\">1<\/option><option value=\"2\">2<\/option><option value=\"3\">3<\/option><option value=\"4\">4<\/option><\/select><\/span><\/div>\n\t\t<\/div>\n\t<\/div>\n\t<div id=\"vbjstotnights\"><\/div>\n<\/div>\n<div class=\"vbo-search-submit\"><input type=\"submit\" name=\"search\" value=\"Reserve agora\" class=\"btn vbdetbooksubmit vbo-pref-color-btn\"\/><\/div>\n<\/div>\n<\/form><\/div>\t\t<\/div>\n\n\t\t\n\t\t<div class=\"vbo-closing-main\"><\/div>\n\t\t\t<\/div>\n<\/div>\n\n\t\t\t<\/div>\n\t\t<\/div>\n\t\n\t<\/div>\n\t\n<\/div>\n\n<\/div>\n<\/div>\n\t\t\t\t\t\t<\/div>\n\t\t\t\t<\/div>\n\t\t\t\t\t<\/div>\n\t\t\t\t<\/div>\n\t\t\t\t<\/div>\n\t\t","protected":false},"excerpt":{"rendered":"","protected":false},"author":1,"featured_media":0,"parent":0,"menu_order":0,"comment_status":"closed","ping_status":"closed","template":"","meta":{"_uag_custom_page_level_css":"","site-sidebar-layout":"default","site-content-layout":"","ast-site-content-layout":"default","site-content-style":"default","site-sidebar-style":"default","ast-global-header-display":"","ast-banner-title-visibility":"","ast-main-header-display":"","ast-hfb-above-header-display":"","ast-hfb-below-header-display":"","ast-hfb-mobile-header-display":"","site-post-title":"","ast-breadcrumbs-content":"","ast-featured-img":"","footer-sml-layout":"","ast-disable-related-posts":"","theme-transparent-header-meta":"","adv-header-id-meta":"","stick-header-meta":"","header-above-stick-meta":"","header-main-stick-meta":"","header-below-stick-meta":"","astra-migrate-meta-layouts":"set","ast-page-background-enabled":"default","ast-page-background-meta":{"desktop":{"background-color":"","background-image":"","background-repeat":"repeat","background-position":"center center","background-size":"auto","background-attachment":"scroll","background-type":"","background-media":"","overlay-type":"","overlay-color":"","overlay-opacity":"","overlay-gradient":""},"tablet":{"background-color":"","background-image":"","background-repeat":"repeat","background-position":"center center","background-size":"auto","background-attachment":"scroll","background-type":"","background-media":"","overlay-type":"","overlay-color":"","overlay-opacity":"","overlay-gradient":""},"mobile":{"background-color":"","background-image":"","background-repeat":"repeat","background-position":"center center","background-size":"auto","background-attachment":"scroll","background-type":"","background-media":"","overlay-type":"","overlay-color":"","overlay-opacity":"","overlay-gradient":""}},"ast-content-background-meta":{"desktop":{"background-color":"var(--ast-global-color-5)","background-image":"","background-repeat":"repeat","background-position":"center center","background-size":"auto","background-attachment":"scroll","background-type":"","background-media":"","overlay-type":"","overlay-color":"","overlay-opacity":"","overlay-gradient":""},"tablet":{"background-color":"var(--ast-global-color-5)","background-image":"","background-repeat":"repeat","background-position":"center center","background-size":"auto","background-attachment":"scroll","background-type":"","background-media":"","overlay-type":"","overlay-color":"","overlay-opacity":"","overlay-gradient":""},"mobile":{"background-color":"var(--ast-global-color-5)","background-image":"","background-repeat":"repeat","background-position":"center center","background-size":"auto","background-attachment":"scroll","background-type":"","background-media":"","overlay-type":"","overlay-color":"","overlay-opacity":"","overlay-gradient":""}},"footnotes":""},"class_list":["post-2154","page","type-page","status-publish","hentry"],"uagb_featured_image_src":{"full":false,"thumbnail":false,"medium":false,"medium_large":false,"large":false,"1536x1536":false,"2048x2048":false,"trp-custom-language-flag":false,"mailpoet_newsletter_max":false,"woocommerce_thumbnail":false,"woocommerce_single":false,"woocommerce_gallery_thumbnail":false},"uagb_author_info":{"display_name":"immonline","author_link":"https:\/\/mar-ria.com\/pt\/author\/immonline\/"},"uagb_comment_info":0,"uagb_excerpt":null,"jetpack_sharing_enabled":true,"_links":{"self":[{"href":"https:\/\/mar-ria.com\/pt\/wp-json\/wp\/v2\/pages\/2154","targetHints":{"allow":["GET"]}}],"collection":[{"href":"https:\/\/mar-ria.com\/pt\/wp-json\/wp\/v2\/pages"}],"about":[{"href":"https:\/\/mar-ria.com\/pt\/wp-json\/wp\/v2\/types\/page"}],"author":[{"embeddable":true,"href":"https:\/\/mar-ria.com\/pt\/wp-json\/wp\/v2\/users\/1"}],"replies":[{"embeddable":true,"href":"https:\/\/mar-ria.com\/pt\/wp-json\/wp\/v2\/comments?post=2154"}],"version-history":[{"count":18,"href":"https:\/\/mar-ria.com\/pt\/wp-json\/wp\/v2\/pages\/2154\/revisions"}],"predecessor-version":[{"id":2235,"href":"https:\/\/mar-ria.com\/pt\/wp-json\/wp\/v2\/pages\/2154\/revisions\/2235"}],"wp:attachment":[{"href":"https:\/\/mar-ria.com\/pt\/wp-json\/wp\/v2\/media?parent=2154"}],"curies":[{"name":"wp","href":"https:\/\/api.w.org\/{rel}","templated":true}]}}